{"id":449,"date":"2021-12-29T12:17:55","date_gmt":"2021-12-29T12:17:55","guid":{"rendered":"https:\/\/cardiovitamin.com\/?page_id=449"},"modified":"2021-12-29T12:24:47","modified_gmt":"2021-12-29T12:24:47","slug":"who-should-use","status":"publish","type":"page","link":"https:\/\/cardiovitamin.com\/en\/who-should-use\/","title":{"rendered":"Who should use?"},"content":{"rendered":"<p>[et_pb_section fb_built=&#8221;1&#8243; _builder_version=&#8221;4.9.7&#8243; _module_preset=&#8221;default&#8221; global_colors_info=&#8221;{}&#8221;][et_pb_row _builder_version=&#8221;4.9.7&#8243; _module_preset=&#8221;default&#8221; global_colors_info=&#8221;{}&#8221;][et_pb_column type=&#8221;4_4&#8243; _builder_version=&#8221;4.9.7&#8243; _module_preset=&#8221;default&#8221; global_colors_info=&#8221;{}&#8221;][et_pb_post_title meta=&#8221;off&#8221; featured_image=&#8221;off&#8221; _builder_version=&#8221;4.9.7&#8243; _module_preset=&#8221;default&#8221; title_text_align=&#8221;center&#8221; title_font_size=&#8221;40px&#8221; custom_padding=&#8221;||20px||false|false&#8221; global_colors_info=&#8221;{}&#8221;][\/et_pb_post_title][et_pb_text _builder_version=&#8221;4.14.4&#8243; _module_preset=&#8221;default&#8221; text_font_size=&#8221;16px&#8221; hover_enabled=&#8221;0&#8243; global_colors_info=&#8221;{}&#8221; sticky_enabled=&#8221;0&#8243;]<strong>CARDIOvitamin<sup>\u00ae<\/sup><\/strong> <span>contains optimal combination of vitamins that influence reducing homocysteine in blood.<\/span><\/p>\n<p><strong>CARDIOvitamin<sup>\u00ae<\/sup><\/strong> <span>is especially recommended with anti aggregation therapy (Acetylsalicylic acid) that you are already using, because their combined effect provides optimal antiaggregation effect, thus preserving blood vessels from damage.<\/span><a title=\"Clinical Studies\" href=\"http:\/\/www.cardiovitamin.com\/en\/clinical-studies\/#3\"><sup>3<\/sup><\/a><\/p>\n<p><span>That is why it is recommended to:<\/span><\/p>\n<div class=\"arrow-list-two\">\n<ul>\n<li>All persons in risk of developing heart and blood vessels conditions<\/li>\n<li>Persons in risk of developing a stroke condition<\/li>\n<li>In case you are using anti aggregation therapy<span>\u00a0<\/span><strong>(acetylsalicylic acid)<\/strong><\/li>\n<li>If you have history of heart disease and blood vessel disease in your family<\/li>\n<li>If you have history of cerebrovascular disease in your family<span>\u00a0<\/span><em>(stroke)<\/em><\/li>\n<li>Persons with high blood pressure<\/li>\n<li>Persons with high cholesterol level<\/li>\n<li>With atherosclerosis patients<\/li>\n<li>For smokers<\/li>\n<li>In cases of heart failure, angina pectoris, coronary blood vessels clots, heart attack<\/li>\n<li>In cases of diabetes or glucose intolerance<\/li>\n<li>For persons with high level of homocysteine in blood<\/li>\n<li>For all persons with folate\u00a0insufficiency<\/li>\n<li>If you are consuming large doses of coffee or alcohol<\/li>\n<li>In case of constant exposure to stress<\/li>\n<li>If you are more than 40 years old<\/li>\n<\/ul>\n<p><strong>CARDIOvitamin<sup>\u00ae<\/sup><\/strong><span>\u00a0is also recommended for persons that use medicines with diuretic effect (Henle loop diuretics), medicines that reduce stomach acidity, non-steroidal anti rheumatics (anti-inflammatory medicines and analgesics), sulfasalazine, triamterene, antiepileptic, and methotrexate.<\/span><strong><span>\u00a0<\/span>CARDIOvitamin<sup>\u00ae<\/sup><\/strong><span>\u00a0is recommended in cases of kidney conditions with excessive vitamin excretion.<\/span><\/p>\n<\/div>\n<p>[\/et_pb_text][et_pb_accordion _builder_version=&#8221;4.14.4&#8243; _module_preset=&#8221;default&#8221; hover_enabled=&#8221;0&#8243; global_colors_info=&#8221;{}&#8221; sticky_enabled=&#8221;0&#8243;][et_pb_accordion_item title=&#8221;Why?&#8221; open=&#8221;on&#8221; _builder_version=&#8221;4.14.4&#8243; _module_preset=&#8221;default&#8221; hover_enabled=&#8221;0&#8243; global_colors_info=&#8221;{}&#8221; sticky_enabled=&#8221;0&#8243;]<\/p>\n<p>It is known that persons that use diuretics due to high blood pressure, or to reduce edema, also excessively excrete necessary vitamins and microelements (B group vitamins,\u00a0folate, vitamin C and other), which can cause higher level of homocysteine. At the same time, other medications such as those that reduce gastric acid and pain killers also influence reduction of vitamins in organism.<\/p>\n<p>Researches have shown that bad diet, and with older persons also lower nutrient absorption, as well as excessive consumption of coffee, alcohol and smoking contribute to increased level of homocysteine in blood.<\/p>\n<p>[\/et_pb_accordion_item][et_pb_accordion_item title=&#8221;What is the role of homocysteine?&#8221; _builder_version=&#8221;4.14.4&#8243; _module_preset=&#8221;default&#8221; hover_enabled=&#8221;0&#8243; global_colors_info=&#8221;{}&#8221; open=&#8221;off&#8221; sticky_enabled=&#8221;0&#8243;]<\/p>\n<p><span><strong>In Serbia, 47 persons suffers from heart attack every day, 15 of which dies.<\/strong><\/span>\u00a0Homocysteine is an important factor for occurrence of heart vessels condition, which leads to blood vessels damage and as a consequence, to heart attack and stroke. Level of homocysteine in blood is influenced by a number of factors such as gender, age, smoking habit, usage of various medications, etc.<\/p>\n<p><span>A four year research has been conducted at the University Bergen in Norway. 4,766 persons age 65 to 67 took part in the research.<em><strong>\u00a0It was discovered that if the level of homocysteine is higher only for 5\u00b5mol\/l, it increases the rate of disease and death outcome caused by heart attack or stroke by 50%.<\/strong><\/em><\/span><\/p>\n<p>At the same time, another clinical survey confirmed that by using combination contained in CARDIOvitamin\u00ae (folate, vitamin B6 and vitamin B12) level of homocysteine would reduce by 55%, when compared to separate consumption of each of these vitamins.<\/p>\n<p>[\/et_pb_accordion_item][\/et_pb_accordion][et_pb_text _builder_version=&#8221;4.14.4&#8243; _module_preset=&#8221;default&#8221; text_font_size=&#8221;16px&#8221; hover_enabled=&#8221;0&#8243; global_colors_info=&#8221;{}&#8221; sticky_enabled=&#8221;0&#8243;]<span style=\"color: red;\"><strong>This is why\u00a0CARDIOvitamin<sup>\u00ae<\/sup>\u00a0is an ideal combination to reduce risk of heart attack and stroke, as well as blood vessels disease.<\/strong><\/span><\/p>\n<p>Also\u00a0<strong>CARDIOvitamin<sup>\u00ae<\/sup><\/strong>\u00a0<strong>additionally improves elasticity of blood vessels, helps blood vessels regenerate and strengthens heart muscle.<\/strong>[\/et_pb_text][\/et_pb_column][\/et_pb_row][\/et_pb_section]<\/p>\n","protected":false},"excerpt":{"rendered":"<p>CARDIOvitamin\u00ae contains optimal combination of vitamins that influence reducing homocysteine in blood. CARDIOvitamin\u00ae is especially recommended with anti aggregation therapy (Acetylsalicylic acid) that you are already using, because their combined effect provides optimal antiaggregation effect, thus preserving blood vessels from damage.3 That is why it is recommended to: All persons in risk of developing heart [&hellip;]<\/p>\n","protected":false},"author":6,"featured_media":0,"parent":0,"menu_order":0,"comment_status":"closed","ping_status":"closed","template":"","meta":{"_et_pb_use_builder":"on","_et_pb_old_content":"<p>[et_pb_section fb_built=\"1\" _builder_version=\"4.9.7\" _module_preset=\"default\"][et_pb_row _builder_version=\"4.9.7\" _module_preset=\"default\"][et_pb_column type=\"4_4\" _builder_version=\"4.9.7\" _module_preset=\"default\"][et_pb_post_title meta=\"off\" featured_image=\"off\" _builder_version=\"4.9.7\" _module_preset=\"default\" title_font_size=\"40px\" hover_enabled=\"0\" custom_padding=\"||20px||false|false\" sticky_enabled=\"0\" title_text_align=\"center\"][\/et_pb_post_title][et_pb_text _builder_version=\"4.9.7\" _module_preset=\"default\" text_font_size=\"16px\"]<\/p><p><strong>CARDIOvitamin<sup>\u00ae<\/sup><\/strong>\u00a0se posebno preporu\u010duje uz antiagregacionu terapiju (Acetilsalicilna kiselina) koju ve\u0107 koristite jer zajedni\u010dkim delovanjem daje optimalno antiagregaciono dejstvo i \u010duva krvne sudove od o\u0161te\u0107enja.\u00a0<a title=\"Klini\u010dke studije\" href=\"https:\/\/www.cardiovitamin.com\/klinicke-studije\/#3\"><sup>3<\/sup><\/a><\/p><p><strong>CARDIOvitamin<sup>\u00ae<\/sup><\/strong>\u00a0sadr\u017ei optimalnu kombinaciju vitamina koji deluju na smanjenje homocisteina u krvi.<\/p><p>Zbog toga se preporu\u010duje:<\/p><div class=\"arrow-list-two\"><ul><li>Svim osobama koje su u riziku za nastanak oboljenja srca i krvnih sudova<\/li><li>Osobama koje su u riziku za nastanak mo\u017edanog udara<\/li><li>Ukoliko koristite antiagregacionu terapiju<em>\u00a0(acetilsalicilna kiselina)<\/em><\/li><li>Ako u va\u0161oj porodi\u010dnoj istoriji ima bolesti\u00a0srca i krvnih sudova<\/li><li>Ako u va\u0161oj porodi\u010dnoj istoriji ima oboljenja krvnih sudova mozga\u00a0<em>(mo\u017edani udar)<\/em><\/li><li>Osobama koje imaju povi\u0161en krvni pritisak<\/li><li>Osobama koje imaju povi\u0161en nivo holesterola u krvi<\/li><li>Kod arteroskleroze<\/li><li>Pu\u0161a\u010dima<\/li><li>Kod sr\u010dane slabosti, angine pectoris, za\u010depljenja koronarnih krvnih sudova, infarkta<\/li><li>Kod dijabetesa ili ukoliko imate intoleranciju na glukozu<\/li><li>Osobama koje imaju povi\u0161ene vrednosti homocisteina u krvi<\/li><li>Svim osobama koje imaju nedostatak folne kiseline<\/li><li>Ukoliko unosite prekomerne koli\u010dine kafe ili alkohola<\/li><li>U slu\u010daju konstantne izlo\u017eenosti stresu<\/li><li>Ukoliko imate vi\u0161e od 40 godina \u017eivota<\/li><\/ul><p>\u00a0<\/p><\/div><p><strong>CARDIOvitamin<sup>\u00ae<\/sup><\/strong>\u00a0je tako\u0111e potreban svim osobama koje koriste lekove sa efektom poja\u010danog izmokravanja\u00a0<em>(diuretici Henleove petlje)<\/em>, lekove koji smanjuju kiselost \u017eeluda\u010dnog sadr\u017eaja, nesteroidne antireumatike\u00a0<em>(lekove protiv bolova i upale)<\/em>, sulfasalazin, triamteren, antiepileptike, metotreksat.\u00a0<strong>CARDIOvitamin<sup>\u00ae<\/sup><\/strong>\u00a0se preporu\u010duje kod bubre\u017enih oboljenja kod kojih dolazi do poja\u010danog izlu\u010divanja vitamina.<\/p><p>[\/et_pb_text][et_pb_accordion _builder_version=\"4.9.7\" _module_preset=\"default\"][et_pb_accordion_item title=\"Zbog \u010dega?\" open=\"on\" _builder_version=\"4.9.7\" _module_preset=\"default\"]<\/p><p>Zna se da osobe koje koriste lekove za izmokravanje, zbog povi\u0161enog krvnog pritiska, ili za smanjenje edema, ubrzano izbacuju neophodne vitamine i mikroelemente (vitamine B grupe, folnu kiselinu,vitamin C i dr. ), zbog \u010dega se kod njih mo\u017ee na\u0107i povi\u0161en nivo homocisteina. Istovremeno, i drugi lekovi kao \u0161to su oni za smanjenje \u017eelda\u010dne kiseline i lekovi protiv bolova doprinose smanjenju vitamina u organizmu.<\/p><p>Istra\u017eivanja su pokazala da lo\u0161a ishrana, a kod starijih osoba i oslabljena resorpcija hranljivih sastojaka, kao i prekomerni unos kafe, alkohola i pu\u0161enje doprinose pove\u0107anju koncentracije homocisteina u krvi.<\/p><p>[\/et_pb_accordion_item][et_pb_accordion_item title=\"Koja je uloga Homocisteina?\" _builder_version=\"4.9.7\" _module_preset=\"default\" open=\"off\"]<\/p><p><strong>U Srbiji svakog dana infarkt do\u017eivi 47 osoba, od koji 15 umre.<\/strong>\u00a0Homocistein je zna\u010dajan faktor za nastanak bolesti krvnih sudova, koji dovodi do o\u0161te\u0107enja krvnih sudova i posledi\u010dno infarkta srca i mo\u017edanog udara. Na nivo homocisteina u krvi uti\u010du brojni faktori kao \u0161to su pol, godine, ishrana, pu\u0161enje, upotreba razli\u010ditih lekova i dr.<\/p><p>Na univerzitetu Bergen u Norveskoj sprovedeno je \u010detvorogodi\u0161nje ispitivanje. U ispitivanju je u\u010destvovalo 4,766 osoba starosnog doba od 65 do 67 godina.\u00a0<strong><em>Otkriveno je da \u00a0pove\u0107ana vrednost homocisteina za samo\u00a05\u00b5mol\/l,\u00a0 podi\u017ee stopu obolevanja i smrtnosti od sr\u010danog i mo\u017edanog udara za 50%.<\/em><\/strong><\/p><p>Istovremeno, je drugo klini\u010dko ispitivanje potvrdilo da se upotrebom kombinacije iz\u00a0<strong>CARDIOvitamin<sup>\u00ae<\/sup><\/strong>-a (folna kiselina, vitamin B6 i vitamin B12)\u00a0<strong>smanjuje nivo homocisteina za 55%<\/strong>, u odnosu na pojedina\u010dno uzimanje svakog od ovih vitamina.<\/p><p>[\/et_pb_accordion_item][\/et_pb_accordion][et_pb_text _builder_version=\"4.9.7\" _module_preset=\"default\" text_font_size=\"16px\"]<\/p><p><strong>Zato je CARDIOvitamin<sup>\u00ae<\/sup>\u00a0idealna kombinacija za smanjenje rizika od mo\u017edanog i sr\u010danog udara, i oboljenja krvnih sudova.<\/strong><\/p><p>Pored toga\u00a0<strong>CARDIOvitamin<sup>\u00ae<\/sup><\/strong>\u00a0dodatno\u00a0<strong>doprinosi elasti\u010dnosti krvnih sudova<\/strong>,\u00a0<strong>poma\u017ee regenaraciju krvnih sudova<\/strong>\u00a0i\u00a0<strong>ja\u010da sr\u010dani mi\u0161i\u0107<\/strong>.<\/p><p>[\/et_pb_text][\/et_pb_column][\/et_pb_row][\/et_pb_section]<\/p>","_et_gb_content_width":"","footnotes":""},"class_list":["post-449","page","type-page","status-publish","hentry"],"yoast_head":"<!-- This site is optimized with the Yoast SEO plugin v27.2 - https:\/\/yoast.com\/product\/yoast-seo-wordpress\/ -->\n<title>Who should use? - CardioVitamin<\/title>\n<meta name=\"robots\" content=\"index, follow, max-snippet:-1, max-image-preview:large, max-video-preview:-1\" \/>\n<link rel=\"canonical\" href=\"https:\/\/cardiovitamin.com\/en\/who-should-use\/\" \/>\n<meta property=\"og:locale\" content=\"en_US\" \/>\n<meta property=\"og:type\" content=\"article\" \/>\n<meta property=\"og:title\" content=\"Who should use? - CardioVitamin\" \/>\n<meta property=\"og:description\" content=\"CARDIOvitamin\u00ae contains optimal combination of vitamins that influence reducing homocysteine in blood. CARDIOvitamin\u00ae is especially recommended with anti aggregation therapy (Acetylsalicylic acid) that you are already using, because their combined effect provides optimal antiaggregation effect, thus preserving blood vessels from damage.3 That is why it is recommended to: All persons in risk of developing heart [&hellip;]\" \/>\n<meta property=\"og:url\" content=\"https:\/\/cardiovitamin.com\/en\/who-should-use\/\" \/>\n<meta property=\"og:site_name\" content=\"CardioVitamin\" \/>\n<meta property=\"article:modified_time\" content=\"2021-12-29T12:24:47+00:00\" \/>\n<meta name=\"twitter:card\" content=\"summary_large_image\" \/>\n<meta name=\"twitter:label1\" content=\"Est. reading time\" \/>\n\t<meta name=\"twitter:data1\" content=\"3 minutes\" \/>\n<script type=\"application\/ld+json\" class=\"yoast-schema-graph\">{\"@context\":\"https:\/\/schema.org\",\"@graph\":[{\"@type\":\"WebPage\",\"@id\":\"https:\/\/cardiovitamin.com\/en\/who-should-use\/\",\"url\":\"https:\/\/cardiovitamin.com\/en\/who-should-use\/\",\"name\":\"Who should use? - CardioVitamin\",\"isPartOf\":{\"@id\":\"https:\/\/cardiovitamin.com\/#website\"},\"datePublished\":\"2021-12-29T12:17:55+00:00\",\"dateModified\":\"2021-12-29T12:24:47+00:00\",\"breadcrumb\":{\"@id\":\"https:\/\/cardiovitamin.com\/en\/who-should-use\/#breadcrumb\"},\"inLanguage\":\"en-US\",\"potentialAction\":[{\"@type\":\"ReadAction\",\"target\":[\"https:\/\/cardiovitamin.com\/en\/who-should-use\/\"]}]},{\"@type\":\"BreadcrumbList\",\"@id\":\"https:\/\/cardiovitamin.com\/en\/who-should-use\/#breadcrumb\",\"itemListElement\":[{\"@type\":\"ListItem\",\"position\":1,\"name\":\"Home\",\"item\":\"https:\/\/cardiovitamin.com\/\"},{\"@type\":\"ListItem\",\"position\":2,\"name\":\"Who should use?\"}]},{\"@type\":\"WebSite\",\"@id\":\"https:\/\/cardiovitamin.com\/#website\",\"url\":\"https:\/\/cardiovitamin.com\/\",\"name\":\"CardioVitamin\",\"description\":\"za krvne sudove i srce\",\"potentialAction\":[{\"@type\":\"SearchAction\",\"target\":{\"@type\":\"EntryPoint\",\"urlTemplate\":\"https:\/\/cardiovitamin.com\/?s={search_term_string}\"},\"query-input\":{\"@type\":\"PropertyValueSpecification\",\"valueRequired\":true,\"valueName\":\"search_term_string\"}}],\"inLanguage\":\"en-US\"}]}<\/script>\n<!-- \/ Yoast SEO plugin. -->","yoast_head_json":{"title":"Who should use? - CardioVitamin","robots":{"index":"index","follow":"follow","max-snippet":"max-snippet:-1","max-image-preview":"max-image-preview:large","max-video-preview":"max-video-preview:-1"},"canonical":"https:\/\/cardiovitamin.com\/en\/who-should-use\/","og_locale":"en_US","og_type":"article","og_title":"Who should use? - CardioVitamin","og_description":"CARDIOvitamin\u00ae contains optimal combination of vitamins that influence reducing homocysteine in blood. CARDIOvitamin\u00ae is especially recommended with anti aggregation therapy (Acetylsalicylic acid) that you are already using, because their combined effect provides optimal antiaggregation effect, thus preserving blood vessels from damage.3 That is why it is recommended to: All persons in risk of developing heart [&hellip;]","og_url":"https:\/\/cardiovitamin.com\/en\/who-should-use\/","og_site_name":"CardioVitamin","article_modified_time":"2021-12-29T12:24:47+00:00","twitter_card":"summary_large_image","twitter_misc":{"Est. reading time":"3 minutes"},"schema":{"@context":"https:\/\/schema.org","@graph":[{"@type":"WebPage","@id":"https:\/\/cardiovitamin.com\/en\/who-should-use\/","url":"https:\/\/cardiovitamin.com\/en\/who-should-use\/","name":"Who should use? - CardioVitamin","isPartOf":{"@id":"https:\/\/cardiovitamin.com\/#website"},"datePublished":"2021-12-29T12:17:55+00:00","dateModified":"2021-12-29T12:24:47+00:00","breadcrumb":{"@id":"https:\/\/cardiovitamin.com\/en\/who-should-use\/#breadcrumb"},"inLanguage":"en-US","potentialAction":[{"@type":"ReadAction","target":["https:\/\/cardiovitamin.com\/en\/who-should-use\/"]}]},{"@type":"BreadcrumbList","@id":"https:\/\/cardiovitamin.com\/en\/who-should-use\/#breadcrumb","itemListElement":[{"@type":"ListItem","position":1,"name":"Home","item":"https:\/\/cardiovitamin.com\/"},{"@type":"ListItem","position":2,"name":"Who should use?"}]},{"@type":"WebSite","@id":"https:\/\/cardiovitamin.com\/#website","url":"https:\/\/cardiovitamin.com\/","name":"CardioVitamin","description":"za krvne sudove i srce","potentialAction":[{"@type":"SearchAction","target":{"@type":"EntryPoint","urlTemplate":"https:\/\/cardiovitamin.com\/?s={search_term_string}"},"query-input":{"@type":"PropertyValueSpecification","valueRequired":true,"valueName":"search_term_string"}}],"inLanguage":"en-US"}]}},"_links":{"self":[{"href":"https:\/\/cardiovitamin.com\/en\/wp-json\/wp\/v2\/pages\/449","targetHints":{"allow":["GET"]}}],"collection":[{"href":"https:\/\/cardiovitamin.com\/en\/wp-json\/wp\/v2\/pages"}],"about":[{"href":"https:\/\/cardiovitamin.com\/en\/wp-json\/wp\/v2\/types\/page"}],"author":[{"embeddable":true,"href":"https:\/\/cardiovitamin.com\/en\/wp-json\/wp\/v2\/users\/6"}],"replies":[{"embeddable":true,"href":"https:\/\/cardiovitamin.com\/en\/wp-json\/wp\/v2\/comments?post=449"}],"version-history":[{"count":5,"href":"https:\/\/cardiovitamin.com\/en\/wp-json\/wp\/v2\/pages\/449\/revisions"}],"predecessor-version":[{"id":455,"href":"https:\/\/cardiovitamin.com\/en\/wp-json\/wp\/v2\/pages\/449\/revisions\/455"}],"wp:attachment":[{"href":"https:\/\/cardiovitamin.com\/en\/wp-json\/wp\/v2\/media?parent=449"}],"curies":[{"name":"wp","href":"https:\/\/api.w.org\/{rel}","templated":true}]}}