{"id":398,"date":"2021-07-15T10:22:57","date_gmt":"2021-07-15T10:22:57","guid":{"rendered":"https:\/\/cardiovitamin.com\/klinicke-studije\/"},"modified":"2021-12-30T11:09:27","modified_gmt":"2021-12-30T11:09:27","slug":"clinical-studies","status":"publish","type":"page","link":"https:\/\/cardiovitamin.com\/en\/clinical-studies\/","title":{"rendered":"Clinical Studies"},"content":{"rendered":"<p>[et_pb_section fb_built=&#8221;1&#8243; _builder_version=&#8221;4.9.7&#8243; _module_preset=&#8221;default&#8221; custom_margin=&#8221;50px||||false|false&#8221; custom_padding=&#8221;0px||||false|false&#8221; global_colors_info=&#8221;{}&#8221;][et_pb_row _builder_version=&#8221;4.9.7&#8243; _module_preset=&#8221;default&#8221; custom_margin=&#8221;0px||||false|false&#8221; custom_padding=&#8221;0px||||false|false&#8221; global_colors_info=&#8221;{}&#8221;][et_pb_column type=&#8221;4_4&#8243; _builder_version=&#8221;4.9.7&#8243; _module_preset=&#8221;default&#8221; global_colors_info=&#8221;{}&#8221;][et_pb_post_title meta=&#8221;off&#8221; featured_image=&#8221;off&#8221; _builder_version=&#8221;4.9.7&#8243; _module_preset=&#8221;default&#8221; title_text_align=&#8221;center&#8221; title_font_size=&#8221;40px&#8221; global_colors_info=&#8221;{}&#8221;][\/et_pb_post_title][et_pb_text _builder_version=&#8221;4.14.4&#8243; _module_preset=&#8221;default&#8221; custom_margin=&#8221;20px||||false|false&#8221; hover_enabled=&#8221;0&#8243; global_colors_info=&#8221;{}&#8221; sticky_enabled=&#8221;0&#8243;]<\/p>\n<ol>\n<li>Aspirin \u201cresistance\u201d and risk of cardiovascular morbidity: systematic review and meta-analysis; George Krasopoulos, cardiovascular surgery fellow, Stephanie J Brister, associate professor, W Scott Beattie, R Fraser Elliot chair in cardiac anaesthesia, Michael R Buchanan, professor ; doi:10.1136\/bmj.39430.529549.BE<\/li>\n<li><a name=\"2\"><\/a>The Role of Homocysteine-Lowering B-Vitamins in the Primary Prevention of Cardiovascular Disease; Balazs Debreceni1 &amp; Laszlo Debreceni2 Cardiovascular Therapeutics 32 (2014) 130\u2013138<\/li>\n<li><a name=\"3\"><\/a>Folic acid supplementation of aspirin therapy further improves vascular endothelial function among patients with type 2 diabetes: a short-term crossover study; Shuichi Sato, Yuji Tajiri, Hitomi Nakayama , Kentaro Yamada; DOI 10.1007\/s13340-014-0198-3<\/li>\n<li><a name=\"4\"><\/a>Plasma Homocysteine as a Risk Factor for Vascular Disease- The European Concerted Action Project JAMA, June 11, 1997\u2014Voi 277, No. 22 Homocysteine and Vascular Disease Risk\u2014Graham et al<\/li>\n<li><a name=\"5\"><\/a>Combined effect of GSTM1 gene deletion, GSTT1 gene deletion and MTHFR C677T mutation in male infertility V. \u0110or\u0111evi\u0107 et al. Arch. Biol. Sci., Belgrade, 62 (3), 531-530, 2010<\/li>\n<li><a name=\"6\"><\/a>Folate and Vitamin B6 From Diet and Supplements in Relation to Risk ofCoronary Heart Disease Among Women; Eric B. Rimm; Walter C. Willett; Frank B. Hu; et al.JAMA, February 4, 1998\u2014Vol 279, No. 5<\/li>\n<li><a name=\"7\"><\/a>Prevalence of Factor V Leiden, Factor V Cambridge, Factor II G20210A and Methylenetetrahydrofolate Reductase C677TMutations in Healthy and ThrombophilicSerbian Populations Djordjevic\/Rakicevic\/Mikovic\/Kovac\/ Miljic\/Radojkovic\/Savic May 6, 2004<\/li>\n<li><a name=\"8\"><\/a>Pharmacokinetic study on the utilisation of 5- methyltetrahydrofolate and folic acid in patients with coronary artery disease; F.F. Willems et al; British Journal of Pharmacology (2004) 141, 825\u2013830<\/li>\n<li><a name=\"9\"><\/a>Efficacy of folic acid supplementation in stroke prevention: a meta-analysis.Wang X1, Qin X, Demirtas H, Li J, Mao G, Huo Y, Sun N, Liu L, Xu X.; Lancet. 2007 Jun 2;369(9576):1876-82<\/li>\n<li><a name=\"10\"><\/a>Circulating 25-Hydroxy-Vitamin D and Risk of Cardiovascular Disease-A Meta-Analysis of Prospective Studies-Lu Wang, MD, PhD*, Yiqing Song, MD, ScD*, JoAnn E. Manson, MD, DrPH, Stefan Pilz, MD, Winfried M\u00e4rz, MD, Karl Micha\u00eblsson, MD, PhD, Annamari Lundqvist, PhD, Simerjot K. Jassal<\/li>\n<li><a name=\"11\"><\/a>Scragg R, Jackson R, Holdaway IM, Lim T, Beaglehole R. Myocardial infarction is inversely associated with plasma 25-hydroxyvitamin D3 levels: a community-based study. Int J Epidemiol. 1990;19:559\u2013563.<\/li>\n<li><a name=\"12\"><\/a>Poole KE, Loveridge N, Barker PJ, Halsall DJ, Rose C, Reeve J, Warburton EA. Reduced vitamin D in acute stroke. Stroke. 2006;37:243\u2013245.<\/li>\n<li><a name=\"13\"><\/a>Melamed ML, Muntner P, Michos ED, Uribarri J, Weber C, Sharma J, Raggi P. Serum 25-hydroxyvitamin D levels and the prevalence of peripheral arterial disease: results from NHANES 2001 to 2004. Arterioscler Thromb Vasc Biol. 2008;28:1179\u20131185.<\/li>\n<li><a name=\"14\"><\/a>Vitamin C deficiency and risk of myocardial infarction: prospective population study of men from eastern Finland.K. Nyyss\u00f6nen, M. T. Parviainen, R. Salonen, J. Tuomilehto, and J. T. Salonen BMJ. Mar 1, 1997; 314(7081): 634\u2013638<\/li>\n<li><a name=\"15\"><\/a>Homocysteine is a novel risk factor for suboptimal response of blood platelets toacetylsalicylic acid in coronary artery disease: A randomized multicenter study; Kamil Karolczaka, Wojciech Kamyszb, Anna Karafovab, Jozef Drzewoskic, Cezary Watala; Pharmacological Research 74 (2013) 7\u2013 22<\/li>\n<li><a name=\"16\"><\/a>Efficacy of Folic Acid Therapy in Primary Prevention of Stroke Among Adults With Hypertension in China,\u00a0The CSPPT Randomized Clinical Trial;\u00a0Yong Huo, MD; Jianping Li, MD, PhD; Xianhui Qin, PhD; Yining Huang, MD et al;\u00a0JAMA, March 15, 2015. \u2013 doi:10.1001\/jama.2015.2274<\/li>\n<li><a name=\"17\"><\/a>Efficacy of methylcobalamin on lowering total homocysteine plasma concentrations in haemodialysis patients receiving high-dose folic acid supplementation. Koyama K1, Usami T, Takeuchi O, Morozumi K, Kimura G. Nephrol Dial Transplant. 2002 May;17(5):916-22.<\/li>\n<\/ol>\n<p>[\/et_pb_text][\/et_pb_column][\/et_pb_row][\/et_pb_section]<\/p>\n","protected":false},"excerpt":{"rendered":"<p>Aspirin \u201cresistance\u201d and risk of cardiovascular morbidity: systematic review and meta-analysis; George Krasopoulos, cardiovascular surgery fellow, Stephanie J Brister, associate professor, W Scott Beattie, R Fraser Elliot chair in cardiac anaesthesia, Michael R Buchanan, professor ; doi:10.1136\/bmj.39430.529549.BE The Role of Homocysteine-Lowering B-Vitamins in the Primary Prevention of Cardiovascular Disease; Balazs Debreceni1 &amp; Laszlo Debreceni2 Cardiovascular [&hellip;]<\/p>\n","protected":false},"author":6,"featured_media":0,"parent":0,"menu_order":0,"comment_status":"closed","ping_status":"closed","template":"","meta":{"_et_pb_use_builder":"on","_et_pb_old_content":"","_et_gb_content_width":"","footnotes":""},"class_list":["post-398","page","type-page","status-publish","hentry"],"yoast_head":"<!-- This site is optimized with the Yoast SEO plugin v27.2 - https:\/\/yoast.com\/product\/yoast-seo-wordpress\/ -->\n<title>Clinical Studies - CardioVitamin<\/title>\n<meta name=\"robots\" content=\"index, follow, max-snippet:-1, max-image-preview:large, max-video-preview:-1\" \/>\n<link rel=\"canonical\" href=\"https:\/\/cardiovitamin.com\/en\/clinical-studies\/\" \/>\n<meta property=\"og:locale\" content=\"en_US\" \/>\n<meta property=\"og:type\" content=\"article\" \/>\n<meta property=\"og:title\" content=\"Clinical Studies - CardioVitamin\" \/>\n<meta property=\"og:description\" content=\"Aspirin \u201cresistance\u201d and risk of cardiovascular morbidity: systematic review and meta-analysis; George Krasopoulos, cardiovascular surgery fellow, Stephanie J Brister, associate professor, W Scott Beattie, R Fraser Elliot chair in cardiac anaesthesia, Michael R Buchanan, professor ; doi:10.1136\/bmj.39430.529549.BE The Role of Homocysteine-Lowering B-Vitamins in the Primary Prevention of Cardiovascular Disease; Balazs Debreceni1 &amp; Laszlo Debreceni2 Cardiovascular [&hellip;]\" \/>\n<meta property=\"og:url\" content=\"https:\/\/cardiovitamin.com\/en\/clinical-studies\/\" \/>\n<meta property=\"og:site_name\" content=\"CardioVitamin\" \/>\n<meta property=\"article:modified_time\" content=\"2021-12-30T11:09:27+00:00\" \/>\n<meta name=\"twitter:card\" content=\"summary_large_image\" \/>\n<meta name=\"twitter:label1\" content=\"Est. reading time\" \/>\n\t<meta name=\"twitter:data1\" content=\"3 minutes\" \/>\n<script type=\"application\/ld+json\" class=\"yoast-schema-graph\">{\"@context\":\"https:\/\/schema.org\",\"@graph\":[{\"@type\":\"WebPage\",\"@id\":\"https:\/\/cardiovitamin.com\/en\/clinical-studies\/\",\"url\":\"https:\/\/cardiovitamin.com\/en\/clinical-studies\/\",\"name\":\"Clinical Studies - CardioVitamin\",\"isPartOf\":{\"@id\":\"https:\/\/cardiovitamin.com\/#website\"},\"datePublished\":\"2021-07-15T10:22:57+00:00\",\"dateModified\":\"2021-12-30T11:09:27+00:00\",\"breadcrumb\":{\"@id\":\"https:\/\/cardiovitamin.com\/en\/clinical-studies\/#breadcrumb\"},\"inLanguage\":\"en-US\",\"potentialAction\":[{\"@type\":\"ReadAction\",\"target\":[\"https:\/\/cardiovitamin.com\/en\/clinical-studies\/\"]}]},{\"@type\":\"BreadcrumbList\",\"@id\":\"https:\/\/cardiovitamin.com\/en\/clinical-studies\/#breadcrumb\",\"itemListElement\":[{\"@type\":\"ListItem\",\"position\":1,\"name\":\"Home\",\"item\":\"https:\/\/cardiovitamin.com\/\"},{\"@type\":\"ListItem\",\"position\":2,\"name\":\"Clinical Studies\"}]},{\"@type\":\"WebSite\",\"@id\":\"https:\/\/cardiovitamin.com\/#website\",\"url\":\"https:\/\/cardiovitamin.com\/\",\"name\":\"CardioVitamin\",\"description\":\"za krvne sudove i srce\",\"potentialAction\":[{\"@type\":\"SearchAction\",\"target\":{\"@type\":\"EntryPoint\",\"urlTemplate\":\"https:\/\/cardiovitamin.com\/?s={search_term_string}\"},\"query-input\":{\"@type\":\"PropertyValueSpecification\",\"valueRequired\":true,\"valueName\":\"search_term_string\"}}],\"inLanguage\":\"en-US\"}]}<\/script>\n<!-- \/ Yoast SEO plugin. -->","yoast_head_json":{"title":"Clinical Studies - CardioVitamin","robots":{"index":"index","follow":"follow","max-snippet":"max-snippet:-1","max-image-preview":"max-image-preview:large","max-video-preview":"max-video-preview:-1"},"canonical":"https:\/\/cardiovitamin.com\/en\/clinical-studies\/","og_locale":"en_US","og_type":"article","og_title":"Clinical Studies - CardioVitamin","og_description":"Aspirin \u201cresistance\u201d and risk of cardiovascular morbidity: systematic review and meta-analysis; George Krasopoulos, cardiovascular surgery fellow, Stephanie J Brister, associate professor, W Scott Beattie, R Fraser Elliot chair in cardiac anaesthesia, Michael R Buchanan, professor ; doi:10.1136\/bmj.39430.529549.BE The Role of Homocysteine-Lowering B-Vitamins in the Primary Prevention of Cardiovascular Disease; Balazs Debreceni1 &amp; Laszlo Debreceni2 Cardiovascular [&hellip;]","og_url":"https:\/\/cardiovitamin.com\/en\/clinical-studies\/","og_site_name":"CardioVitamin","article_modified_time":"2021-12-30T11:09:27+00:00","twitter_card":"summary_large_image","twitter_misc":{"Est. reading time":"3 minutes"},"schema":{"@context":"https:\/\/schema.org","@graph":[{"@type":"WebPage","@id":"https:\/\/cardiovitamin.com\/en\/clinical-studies\/","url":"https:\/\/cardiovitamin.com\/en\/clinical-studies\/","name":"Clinical Studies - CardioVitamin","isPartOf":{"@id":"https:\/\/cardiovitamin.com\/#website"},"datePublished":"2021-07-15T10:22:57+00:00","dateModified":"2021-12-30T11:09:27+00:00","breadcrumb":{"@id":"https:\/\/cardiovitamin.com\/en\/clinical-studies\/#breadcrumb"},"inLanguage":"en-US","potentialAction":[{"@type":"ReadAction","target":["https:\/\/cardiovitamin.com\/en\/clinical-studies\/"]}]},{"@type":"BreadcrumbList","@id":"https:\/\/cardiovitamin.com\/en\/clinical-studies\/#breadcrumb","itemListElement":[{"@type":"ListItem","position":1,"name":"Home","item":"https:\/\/cardiovitamin.com\/"},{"@type":"ListItem","position":2,"name":"Clinical Studies"}]},{"@type":"WebSite","@id":"https:\/\/cardiovitamin.com\/#website","url":"https:\/\/cardiovitamin.com\/","name":"CardioVitamin","description":"za krvne sudove i srce","potentialAction":[{"@type":"SearchAction","target":{"@type":"EntryPoint","urlTemplate":"https:\/\/cardiovitamin.com\/?s={search_term_string}"},"query-input":{"@type":"PropertyValueSpecification","valueRequired":true,"valueName":"search_term_string"}}],"inLanguage":"en-US"}]}},"_links":{"self":[{"href":"https:\/\/cardiovitamin.com\/en\/wp-json\/wp\/v2\/pages\/398","targetHints":{"allow":["GET"]}}],"collection":[{"href":"https:\/\/cardiovitamin.com\/en\/wp-json\/wp\/v2\/pages"}],"about":[{"href":"https:\/\/cardiovitamin.com\/en\/wp-json\/wp\/v2\/types\/page"}],"author":[{"embeddable":true,"href":"https:\/\/cardiovitamin.com\/en\/wp-json\/wp\/v2\/users\/6"}],"replies":[{"embeddable":true,"href":"https:\/\/cardiovitamin.com\/en\/wp-json\/wp\/v2\/comments?post=398"}],"version-history":[{"count":3,"href":"https:\/\/cardiovitamin.com\/en\/wp-json\/wp\/v2\/pages\/398\/revisions"}],"predecessor-version":[{"id":484,"href":"https:\/\/cardiovitamin.com\/en\/wp-json\/wp\/v2\/pages\/398\/revisions\/484"}],"wp:attachment":[{"href":"https:\/\/cardiovitamin.com\/en\/wp-json\/wp\/v2\/media?parent=398"}],"curies":[{"name":"wp","href":"https:\/\/api.w.org\/{rel}","templated":true}]}}